{"id":27,"date":"2023-01-04T14:30:17","date_gmt":"2023-01-04T17:30:17","guid":{"rendered":"https:\/\/imeri.com\/?page_id=27"},"modified":"2023-09-06T15:25:21","modified_gmt":"2023-09-06T18:25:21","slug":"contato","status":"publish","type":"page","link":"https:\/\/imeri.com\/en_us\/contato\/","title":{"rendered":"Shall we talk?"},"content":{"rendered":"<p>Every relationship begins with a good conversation. Use this space to tell us more about yourself, your company, and what your demand is. Soon, we will get back to you! <\/p>\n\n\n\n<p class=\"has-small-font-size\">Please read carefully before proceeding with your submission our <a href=\"https:\/\/imeri.com\/897-2\/\" data-type=\"URL\" data-id=\"https:\/\/imeri.com\/897-2\/\" target=\"_blank\" rel=\"noreferrer noopener\"><mark style=\"background-color:rgba(0, 0, 0, 0)\" class=\"has-inline-color has-luminous-vivid-amber-color\">Privacy Policy<\/mark><\/a>.<\/p>","protected":false},"excerpt":{"rendered":"<p>Todo relacionamento come\u00e7a com uma boa conversa. Aproveite este espa\u00e7o para nos contar mais sobre voc\u00ea, sua empresa e qual a sua demanda. Em breve, retornaremos seu contato! Antes de prosseguir com o envio, leia atentamente a nossa Pol\u00edtica de Privacidade.<\/p>","protected":false},"author":2,"featured_media":0,"parent":0,"menu_order":0,"comment_status":"closed","ping_status":"open","template":"page-contato.php","meta":{"footnotes":""},"class_list":["post-27","page","type-page","status-publish","hentry"],"acf":[],"_links":{"self":[{"href":"https:\/\/imeri.com\/en_us\/wp-json\/wp\/v2\/pages\/27","targetHints":{"allow":["GET"]}}],"collection":[{"href":"https:\/\/imeri.com\/en_us\/wp-json\/wp\/v2\/pages"}],"about":[{"href":"https:\/\/imeri.com\/en_us\/wp-json\/wp\/v2\/types\/page"}],"author":[{"embeddable":true,"href":"https:\/\/imeri.com\/en_us\/wp-json\/wp\/v2\/users\/2"}],"replies":[{"embeddable":true,"href":"https:\/\/imeri.com\/en_us\/wp-json\/wp\/v2\/comments?post=27"}],"version-history":[{"count":22,"href":"https:\/\/imeri.com\/en_us\/wp-json\/wp\/v2\/pages\/27\/revisions"}],"predecessor-version":[{"id":917,"href":"https:\/\/imeri.com\/en_us\/wp-json\/wp\/v2\/pages\/27\/revisions\/917"}],"wp:attachment":[{"href":"https:\/\/imeri.com\/en_us\/wp-json\/wp\/v2\/media?parent=27"}],"curies":[{"name":"wp","href":"https:\/\/api.w.org\/{rel}","templated":true}]}}